{"id":2,"date":"2024-11-07T23:54:12","date_gmt":"2024-11-07T22:54:12","guid":{"rendered":"https:\/\/futbolete.com\/murvi\/?page_id=2"},"modified":"2025-07-11T13:02:20","modified_gmt":"2025-07-11T11:02:20","slug":"contacto","status":"publish","type":"page","link":"https:\/\/futbolete.com\/murvi\/contacto\/","title":{"rendered":"Staff y Contacto"},"content":{"rendered":"\r\n<p>En MURVI, somos un equipo dedicado de escritores y expertos en SEO comprometidos a proporcionarle la informaci\u00f3n m\u00e1s relevante y precisa sobre Seguridad Social, pensiones, sociedad y actualidad. Nos centramos en crear contenidos de alta calidad que respondan a sus preguntas y le mantengan informado sobre los temas que afectan a su vida y a su comunidad.<\/p>\r\n<p>Si tiene preguntas, sugerencias o desea ponerse en contacto con nosotros, no dude en escribirnos. Valoramos cada mensaje y trabajamos para responder lo antes posible. Tanto si busca m\u00e1s informaci\u00f3n sobre un art\u00edculo concreto, como si tiene ideas sobre temas que tratar o quiere colaborar con nuestro equipo, estamos aqu\u00ed para escucharle.<\/p>\r\n<p>Escr\u00edbanos y perm\u00edtanos ayudarle a comprender mejor el mundo de la Seguridad Social y las noticias sociales que le interesan.<\/p>\r\n<p>Gracias por confiar en MURVI como su fuente de informaci\u00f3n fiable y actualizada.<\/p>\r\n<h2>Contactar con el sitio web<\/h2>\r\n<p><b>Si deseas ponerte en contacto con nosotros puedes hacerlo a trav\u00e9s del correo\u00a0contacto@futbolete.com<\/b><\/p>\r\n<p>No vendemos rese\u00f1as, links ni publicaciones patrocinadas, por favor si el objetivo de tu contacto es ese, evita escribimos ya que no contestamos a las solicitudes de este tipo.<\/p>\r\n<p>Perdon por las molestias.<\/p>\r\n<h2>Propietario del sitio web:<\/h2>\r\n<p>Los T\u00e9rminos y Condiciones que se describen a continuaci\u00f3n tienen por objeto regular el uso que realicen las personas que ingrese al sitio de Internet FUTBOLETE.COM futbolete.com, en adelante \u00abel sitio\u00bb \u00abFUTBOLETE\u00bb,\u00a0 con domicilio en la Calle Tejera Negra 24 &#8211; 28909 &#8211; Getafe &#8211; Espa\u00f1a<\/p>\r\n<p>Con el fin de cumplir con la legalidad vigente y otorgar seguridad y confianza a todos sus USUARIOS, les informamos, en cumplimiento de lo establecido en la Ley 34\/2002 de Servicios de la Sociedad de la Informaci\u00f3n y de Comercio Electr\u00f3nico, que esta p\u00e1gina Web es propiedad de FUTBOLETE S.L., con domicilio, a efectos de comunicaciones, en la Calle Tejera Negra 24 &#8211; 28909 &#8211; Getafe &#8211; Espa\u00f1a y NIF n\u00ba B21622246, e inscrita en el Registro Mercantil de Madrid . Para cualquier consulta o propuesta, cont\u00e1ctenos en e-mail contacto@futbolete.com.<\/p>\r\n<h3>Periodistas:<\/h3>\r\n<ul>\r\n<li><a href=\"https:\/\/futbolete.com\/murvi\/author\/nvindi\/\">Nvindi &#8211; Norberto<\/a><\/li>\r\n<li><a href=\"https:\/\/futbolete.com\/murvi\/author\/rd-murvi\/\">Redacci\u00f3n Murvi<\/a><\/li>\r\n<\/ul>\r\n","protected":false},"excerpt":{"rendered":"<p>En MURVI, somos un equipo dedicado de escritores y expertos en SEO comprometidos a proporcionarle la informaci\u00f3n m\u00e1s relevante y precisa sobre Seguridad Social, pensiones, sociedad y actualidad. Nos centramos en crear contenidos de alta calidad que respondan a sus preguntas y le mantengan informado sobre los temas que afectan a su vida y a [&hellip;]<\/p>\n","protected":false},"author":1,"featured_media":0,"parent":0,"menu_order":0,"comment_status":"closed","ping_status":"open","template":"","meta":{"_yoast_wpseo_focuskw":"","_yoast_wpseo_title":"","_yoast_wpseo_metadesc":"","_yoast_wpseo_canonical":"","rank_math_title":"","rank_math_description":"","rank_math_focus_keyword":"","rank_math_canonical_url":"","jnews_page_loop":{"first_title":"Latest Post","header_type":"heading_6","layout":"right-sidebar","sidebar":"default-sidebar","second_sidebar":"default-sidebar","sticky_sidebar":"1","module":"3","excerpt_length":"20","content_date":"default","date_custom":"Y\/m\/d","content_pagination":"nav_1","pagination_align":"center","post_sticky":"0","post_offset":"0","posts_per_page":"5","sort_by":"latest","main_custom_image_size":"default","second_custom_image_size":"default"},"jnews_single_page":{"layout":"no-sidebar","sidebar":"default-sidebar","second_sidebar":"default-sidebar","sticky_sidebar":"1","show_post_title":"1","show_post_breadcrumbs":"1","show_post_featured":"1","share_position":"top","share_color":"share-monocrhome"},"footnotes":""},"class_list":["post-2","page","type-page","status-publish","hentry"],"yoast_head":"<!-- This site is optimized with the Yoast SEO Premium plugin v27.2 (Yoast SEO v27.3) - https:\/\/yoast.com\/product\/yoast-seo-premium-wordpress\/ -->\n<title>Staff y Contacto - MURVI<\/title>\n<meta name=\"robots\" content=\"index, follow, max-snippet:-1, max-image-preview:large, max-video-preview:-1\" \/>\n<link rel=\"canonical\" href=\"https:\/\/futbolete.com\/murvi\/contacto\/\" \/>\n<meta property=\"og:locale\" content=\"es_ES\" \/>\n<meta property=\"og:type\" content=\"article\" \/>\n<meta property=\"og:title\" content=\"Staff y Contacto\" \/>\n<meta property=\"og:description\" content=\"En MURVI, somos un equipo dedicado de escritores y expertos en SEO comprometidos a proporcionarle la informaci\u00f3n m\u00e1s relevante y precisa sobre Seguridad Social, pensiones, sociedad y actualidad. Nos centramos en crear contenidos de alta calidad que respondan a sus preguntas y le mantengan informado sobre los temas que afectan a su vida y a [&hellip;]\" \/>\n<meta property=\"og:url\" content=\"https:\/\/futbolete.com\/murvi\/contacto\/\" \/>\n<meta property=\"og:site_name\" content=\"MURVI\" \/>\n<meta property=\"article:publisher\" content=\"https:\/\/www.facebook.com\/futbolete\/\" \/>\n<meta property=\"article:modified_time\" content=\"2025-07-11T11:02:20+00:00\" \/>\n<meta name=\"twitter:card\" content=\"summary_large_image\" \/>\n<meta name=\"twitter:label1\" content=\"Tiempo de lectura\" \/>\n\t<meta name=\"twitter:data1\" content=\"2 minutos\" \/>\n<script type=\"application\/ld+json\" class=\"yoast-schema-graph\">{\"@context\":\"https:\\\/\\\/schema.org\",\"@graph\":[{\"@type\":\"WebPage\",\"@id\":\"https:\\\/\\\/futbolete.com\\\/murvi\\\/contacto\\\/\",\"url\":\"https:\\\/\\\/futbolete.com\\\/murvi\\\/contacto\\\/\",\"name\":\"Staff y Contacto - MURVI\",\"isPartOf\":{\"@id\":\"https:\\\/\\\/futbolete.com\\\/murvi\\\/#website\"},\"datePublished\":\"2024-11-07T22:54:12+00:00\",\"dateModified\":\"2025-07-11T11:02:20+00:00\",\"breadcrumb\":{\"@id\":\"https:\\\/\\\/futbolete.com\\\/murvi\\\/contacto\\\/#breadcrumb\"},\"inLanguage\":\"es\",\"potentialAction\":[{\"@type\":\"ReadAction\",\"target\":[\"https:\\\/\\\/futbolete.com\\\/murvi\\\/contacto\\\/\"]}]},{\"@type\":\"BreadcrumbList\",\"@id\":\"https:\\\/\\\/futbolete.com\\\/murvi\\\/contacto\\\/#breadcrumb\",\"itemListElement\":[{\"@type\":\"ListItem\",\"position\":1,\"name\":\"Portada\",\"item\":\"https:\\\/\\\/futbolete.com\\\/murvi\\\/\"},{\"@type\":\"ListItem\",\"position\":2,\"name\":\"Staff y Contacto\"}]},{\"@type\":\"WebSite\",\"@id\":\"https:\\\/\\\/futbolete.com\\\/murvi\\\/#website\",\"url\":\"https:\\\/\\\/futbolete.com\\\/murvi\\\/\",\"name\":\"Futbolete\",\"description\":\"\",\"publisher\":{\"@id\":\"https:\\\/\\\/futbolete.com\\\/murvi\\\/#organization\"},\"alternateName\":\"MURVI\",\"potentialAction\":[{\"@type\":\"SearchAction\",\"target\":{\"@type\":\"EntryPoint\",\"urlTemplate\":\"https:\\\/\\\/futbolete.com\\\/murvi\\\/?s={search_term_string}\"},\"query-input\":{\"@type\":\"PropertyValueSpecification\",\"valueRequired\":true,\"valueName\":\"search_term_string\"}}],\"inLanguage\":\"es\"},{\"@type\":\"Organization\",\"@id\":\"https:\\\/\\\/futbolete.com\\\/murvi\\\/#organization\",\"name\":\"Futbolete\",\"url\":\"https:\\\/\\\/futbolete.com\\\/murvi\\\/\",\"logo\":{\"@type\":\"ImageObject\",\"inLanguage\":\"es\",\"@id\":\"https:\\\/\\\/futbolete.com\\\/murvi\\\/#\\\/schema\\\/logo\\\/image\\\/\",\"url\":\"https:\\\/\\\/futbolete.com\\\/murvi\\\/wp-content\\\/uploads\\\/2024\\\/10\\\/FAVICON-1-1.png\",\"contentUrl\":\"https:\\\/\\\/futbolete.com\\\/murvi\\\/wp-content\\\/uploads\\\/2024\\\/10\\\/FAVICON-1-1.png\",\"width\":512,\"height\":512,\"caption\":\"Futbolete\"},\"image\":{\"@id\":\"https:\\\/\\\/futbolete.com\\\/murvi\\\/#\\\/schema\\\/logo\\\/image\\\/\"},\"sameAs\":[\"https:\\\/\\\/www.facebook.com\\\/futbolete\\\/\"]}]}<\/script>\n<!-- \/ Yoast SEO Premium plugin. -->","yoast_head_json":{"title":"Staff y Contacto - MURVI","robots":{"index":"index","follow":"follow","max-snippet":"max-snippet:-1","max-image-preview":"max-image-preview:large","max-video-preview":"max-video-preview:-1"},"canonical":"https:\/\/futbolete.com\/murvi\/contacto\/","og_locale":"es_ES","og_type":"article","og_title":"Staff y Contacto","og_description":"En MURVI, somos un equipo dedicado de escritores y expertos en SEO comprometidos a proporcionarle la informaci\u00f3n m\u00e1s relevante y precisa sobre Seguridad Social, pensiones, sociedad y actualidad. Nos centramos en crear contenidos de alta calidad que respondan a sus preguntas y le mantengan informado sobre los temas que afectan a su vida y a [&hellip;]","og_url":"https:\/\/futbolete.com\/murvi\/contacto\/","og_site_name":"MURVI","article_publisher":"https:\/\/www.facebook.com\/futbolete\/","article_modified_time":"2025-07-11T11:02:20+00:00","twitter_card":"summary_large_image","twitter_misc":{"Tiempo de lectura":"2 minutos"},"schema":{"@context":"https:\/\/schema.org","@graph":[{"@type":"WebPage","@id":"https:\/\/futbolete.com\/murvi\/contacto\/","url":"https:\/\/futbolete.com\/murvi\/contacto\/","name":"Staff y Contacto - MURVI","isPartOf":{"@id":"https:\/\/futbolete.com\/murvi\/#website"},"datePublished":"2024-11-07T22:54:12+00:00","dateModified":"2025-07-11T11:02:20+00:00","breadcrumb":{"@id":"https:\/\/futbolete.com\/murvi\/contacto\/#breadcrumb"},"inLanguage":"es","potentialAction":[{"@type":"ReadAction","target":["https:\/\/futbolete.com\/murvi\/contacto\/"]}]},{"@type":"BreadcrumbList","@id":"https:\/\/futbolete.com\/murvi\/contacto\/#breadcrumb","itemListElement":[{"@type":"ListItem","position":1,"name":"Portada","item":"https:\/\/futbolete.com\/murvi\/"},{"@type":"ListItem","position":2,"name":"Staff y Contacto"}]},{"@type":"WebSite","@id":"https:\/\/futbolete.com\/murvi\/#website","url":"https:\/\/futbolete.com\/murvi\/","name":"Futbolete","description":"","publisher":{"@id":"https:\/\/futbolete.com\/murvi\/#organization"},"alternateName":"MURVI","potentialAction":[{"@type":"SearchAction","target":{"@type":"EntryPoint","urlTemplate":"https:\/\/futbolete.com\/murvi\/?s={search_term_string}"},"query-input":{"@type":"PropertyValueSpecification","valueRequired":true,"valueName":"search_term_string"}}],"inLanguage":"es"},{"@type":"Organization","@id":"https:\/\/futbolete.com\/murvi\/#organization","name":"Futbolete","url":"https:\/\/futbolete.com\/murvi\/","logo":{"@type":"ImageObject","inLanguage":"es","@id":"https:\/\/futbolete.com\/murvi\/#\/schema\/logo\/image\/","url":"https:\/\/futbolete.com\/murvi\/wp-content\/uploads\/2024\/10\/FAVICON-1-1.png","contentUrl":"https:\/\/futbolete.com\/murvi\/wp-content\/uploads\/2024\/10\/FAVICON-1-1.png","width":512,"height":512,"caption":"Futbolete"},"image":{"@id":"https:\/\/futbolete.com\/murvi\/#\/schema\/logo\/image\/"},"sameAs":["https:\/\/www.facebook.com\/futbolete\/"]}]}},"_links":{"self":[{"href":"https:\/\/futbolete.com\/murvi\/wp-json\/wp\/v2\/pages\/2","targetHints":{"allow":["GET"]}}],"collection":[{"href":"https:\/\/futbolete.com\/murvi\/wp-json\/wp\/v2\/pages"}],"about":[{"href":"https:\/\/futbolete.com\/murvi\/wp-json\/wp\/v2\/types\/page"}],"author":[{"embeddable":true,"href":"https:\/\/futbolete.com\/murvi\/wp-json\/wp\/v2\/users\/1"}],"replies":[{"embeddable":true,"href":"https:\/\/futbolete.com\/murvi\/wp-json\/wp\/v2\/comments?post=2"}],"version-history":[{"count":0,"href":"https:\/\/futbolete.com\/murvi\/wp-json\/wp\/v2\/pages\/2\/revisions"}],"wp:attachment":[{"href":"https:\/\/futbolete.com\/murvi\/wp-json\/wp\/v2\/media?parent=2"}],"curies":[{"name":"wp","href":"https:\/\/api.w.org\/{rel}","templated":true}]}}